{"id":117,"date":"2026-04-18T13:25:02","date_gmt":"2026-04-18T13:25:02","guid":{"rendered":"https:\/\/elainpuu.fi\/koti\/?page_id=117"},"modified":"2026-04-27T10:08:44","modified_gmt":"2026-04-27T10:08:44","slug":"elaintenhoito-hinnasto-alv-255-kilometrikorvaus-055-e-km","status":"publish","type":"page","link":"https:\/\/elainpuu.fi\/koti\/index.php\/elaintenhoito-hinnasto-alv-255-kilometrikorvaus-055-e-km\/","title":{"rendered":"El\u00e4intenhoito hinnasto ( sis. alv 25,5%) (kilometrikorvaus 0,55 \u20ac\/km)"},"content":{"rendered":"\n<p class=\"is-style-text-subtitle is-style-text-subtitle--1\">Yksityisill\u00e4 mahdollisuus kotitalousv\u00e4hennykseen<\/p>\n\n\n\n<p><strong>Pienel\u00e4inten hoito eriteltyn\u00e4:<\/strong><\/p>\n\n\n\n<p>Perusk\u00e4ynti (kerran p\u00e4iv\u00e4ss\u00e4) &#8211; <strong>60 \u20ac + km<\/strong><\/p>\n\n\n\n<div class=\"wp-block-columns is-layout-flex wp-container-core-columns-is-layout-28f84493 wp-block-columns-is-layout-flex\">\n<div class=\"wp-block-column is-layout-flow wp-block-column-is-layout-flow\" style=\"flex-basis:50%\">\n<p>Lis\u00e4k\u00e4ynti 1 &#8211; <strong>40 \u20ac + km<\/strong><\/p>\n<\/div>\n\n\n\n<div class=\"wp-block-column is-layout-flow wp-block-column-is-layout-flow\" style=\"flex-basis:50%\"><\/div>\n<\/div>\n\n\n\n<p>Lis\u00e4k\u00e4ynti 2 &#8211; <strong>30 \u20ac + km<\/strong><\/p>\n\n\n\n<p>Aktivointi 20 min &#8211; <strong>15 \u20ac <\/strong><\/p>\n\n\n\n<p>Ulkoiu valjaissa 20 min &#8211; <strong>20 \u20ac <\/strong><\/p>\n\n\n\n<p>L\u00e4\u00e4kint\u00e4 &#8211; <strong>35 \u20ac\/el\u00e4in <\/strong><\/p>\n\n\n\n<p>Mik\u00e4li perusk\u00e4ynti kest\u00e4\u00e4 yli kaksi tuntia, hintaan lis\u00e4t\u00e4\u00e4n <strong>30 \u20ac\/h <\/strong><\/p>\n\n\n\n<p class=\"is-style-default\"><\/p>\n\n\n\n<p><strong>Koiran hoito<\/strong> eriteltyn\u00e4:<\/p>\n\n\n\n<p>(k\u00e4yt\u00e4n koirat lenkill\u00e4 1 kerrallaan)<\/p>\n\n\n\n<p>Lenkitys (3 kertaa p\u00e4iv\u00e4ss\u00e4) ja perusk\u00e4ynti &#8211; <strong>35 \u20ac + km<\/strong><\/p>\n\n\n\n<p>Mik\u00e4li koiria on enemm\u00e4n kuin yksi &#8211; 20 \u20ac\/koira<\/p>\n\n\n\n<p>Pidempi lenkki n. 30 min &#8211; 20 \u20ac<\/p>\n\n\n\n<p>Pitk\u00e4 lenkki n. 1 h &#8211; 35 \u20ac<\/p>\n\n\n\n<p>Aktivointi 30 min &#8211; 20 \u20ac<\/p>\n\n\n\n<p>L\u00e4\u00e4kint\u00e4 &#8211; 35 \u20ac\/koira<\/p>\n\n\n\n<p>Mik\u00e4li perusk\u00e4ynti (ei sis\u00e4ll\u00e4 lenkkej\u00e4) kest\u00e4\u00e4 yli kaksi tuntia, hintaan lis\u00e4t\u00e4\u00e4n <strong>30 \u20ac\/h<\/strong><\/p>\n\n\n\n<p><strong>Kotiel\u00e4inten hoito eriteltyn\u00e4:<\/strong><\/p>\n\n\n\n<p>Perusk\u00e4ynti (kerran p\u00e4iv\u00e4ss\u00e4) &#8211; 60 <strong>+ km<\/strong><\/p>\n\n\n\n<div class=\"wp-block-columns is-layout-flex wp-container-core-columns-is-layout-28f84493 wp-block-columns-is-layout-flex\">\n<div class=\"wp-block-column is-layout-flow wp-block-column-is-layout-flow\" style=\"flex-basis:50%\">\n<p>Lis\u00e4k\u00e4ynti 1 &#8211; <strong>40 \u20ac + km<\/strong><\/p>\n<\/div>\n\n\n\n<div class=\"wp-block-column is-layout-flow wp-block-column-is-layout-flow\" style=\"flex-basis:50%\"><\/div>\n<\/div>\n\n\n\n<p>Lis\u00e4k\u00e4ynti <strong>2 &#8211; 30 \u20ac+ km<\/strong><\/p>\n\n\n\n<p>L\u00e4\u00e4kint\u00e4 &#8211; <strong>35 \u20ac\/el\u00e4in <\/strong><\/p>\n\n\n\n<p>Laitumelle\/tarhaan vienti ja haku &#8211; <strong>35 \u20ac <\/strong><\/p>\n\n\n\n<p>Muu liikuttaminen &#8211; <strong>35 \u20ac\/h <\/strong><\/p>\n\n\n\n<p>Lypsy:<\/p>\n\n\n\n<p>k\u00e4sin &#8211; <strong>40 \u20ac\/el\u00e4in <\/strong><\/p>\n\n\n\n<p>kannukoneella &#8211; <strong>35 \u20ac\/el\u00e4in <\/strong><\/p>\n\n\n\n<p>Mik\u00e4li perusk\u00e4ynti kest\u00e4\u00e4 yli kaksi tuntia, hintaan lis\u00e4t\u00e4\u00e4n <strong>30 \u20ac\/h <\/strong><\/p>\n\n\n\n<p><\/p>\n\n\n\n<p><\/p>\n\n\n\n<p><strong>Eksoottisten el\u00e4inten hoito eriteltyn\u00e4<\/strong>:<\/p>\n\n\n\n<p>Perusk\u00e4ynti (kerran p\u00e4iv\u00e4ss\u00e4) Tarkempi seloste l\u00f6ytyy <a href=\"https:\/\/elainpuu.fi\/koti\/index.php\/kayttamani-elain-termit\/\" data-type=\"page\" data-id=\"119\">termeist\u00e4<\/a> &#8211; 35 \u20ac <strong>+ km<\/strong><\/p>\n\n\n\n<p>K\u00e4sittely 20 min (esim. k\u00e4\u00e4rme tai lisko, joka on tottunut k\u00e4sittelyyn) &#8211;  <\/p>\n\n\n\n<p><strong>15 \u20ac <\/strong><\/p>\n\n\n\n<p><strong>El\u00e4inalan yrityksen lomitus<\/strong><\/p>\n\n\n\n<p>Tutustumisk\u00e4ynti &#8211; <strong>25\u20ac\/h + km<\/strong><\/p>\n\n\n\n<p>Lomitusk\u00e4ynti &#8211; <strong>37 \u20ac\/h + km<\/strong><\/p>\n\n\n\n<p><strong>Maatalouslomitus<\/strong><\/p>\n\n\n\n<p><strong>37 \u20ac\/h<\/strong> <strong>+ km<\/strong><\/p>\n\n\n\n<p><\/p>\n","protected":false},"excerpt":{"rendered":"<p>Yksityisill\u00e4 mahdollisuus kotitalousv\u00e4hennykseen Pienel\u00e4inten hoito eriteltyn\u00e4: Perusk\u00e4ynti (kerran p\u00e4iv\u00e4ss\u00e4) &#8211; 60 \u20ac + km Lis\u00e4k\u00e4ynti 1 &#8211; 40 \u20ac + km Lis\u00e4k\u00e4ynti 2 &#8211; 30 \u20ac + km Aktivointi 20 min &#8211; 15 \u20ac Ulkoiu valjaissa 20 min &#8211; 20 \u20ac L\u00e4\u00e4kint\u00e4 &#8211; 35 \u20ac\/el\u00e4in Mik\u00e4li perusk\u00e4ynti kest\u00e4\u00e4 yli kaksi tuntia, hintaan lis\u00e4t\u00e4\u00e4n 30 \u20ac\/h [&hellip;]<\/p>\n","protected":false},"author":1,"featured_media":0,"parent":0,"menu_order":0,"comment_status":"closed","ping_status":"closed","template":"","meta":{"advanced_seo_description":"","jetpack_seo_html_title":"","jetpack_seo_noindex":false,"footnotes":""},"class_list":["post-117","page","type-page","status-publish","hentry"],"jetpack_sharing_enabled":true,"_links":{"self":[{"href":"https:\/\/elainpuu.fi\/koti\/index.php\/wp-json\/wp\/v2\/pages\/117","targetHints":{"allow":["GET"]}}],"collection":[{"href":"https:\/\/elainpuu.fi\/koti\/index.php\/wp-json\/wp\/v2\/pages"}],"about":[{"href":"https:\/\/elainpuu.fi\/koti\/index.php\/wp-json\/wp\/v2\/types\/page"}],"author":[{"embeddable":true,"href":"https:\/\/elainpuu.fi\/koti\/index.php\/wp-json\/wp\/v2\/users\/1"}],"replies":[{"embeddable":true,"href":"https:\/\/elainpuu.fi\/koti\/index.php\/wp-json\/wp\/v2\/comments?post=117"}],"version-history":[{"count":13,"href":"https:\/\/elainpuu.fi\/koti\/index.php\/wp-json\/wp\/v2\/pages\/117\/revisions"}],"predecessor-version":[{"id":195,"href":"https:\/\/elainpuu.fi\/koti\/index.php\/wp-json\/wp\/v2\/pages\/117\/revisions\/195"}],"wp:attachment":[{"href":"https:\/\/elainpuu.fi\/koti\/index.php\/wp-json\/wp\/v2\/media?parent=117"}],"curies":[{"name":"wp","href":"https:\/\/api.w.org\/{rel}","templated":true}]}}