{"id":119,"date":"2026-04-18T11:32:49","date_gmt":"2026-04-18T11:32:49","guid":{"rendered":"https:\/\/elainpuu.fi\/koti\/?page_id=119"},"modified":"2026-04-27T10:04:44","modified_gmt":"2026-04-27T10:04:44","slug":"kayttamani-elain-termit","status":"publish","type":"page","link":"https:\/\/elainpuu.fi\/koti\/index.php\/kayttamani-elain-termit\/","title":{"rendered":"K\u00e4ytt\u00e4m\u00e4ni el\u00e4in termit"},"content":{"rendered":"\n<p>Pienel\u00e4in = P\u00e4\u00e4s\u00e4\u00e4nt\u00f6isesti sis\u00e4ll\u00e4 pidett\u00e4v\u00e4 lemmikki, nis\u00e4k\u00e4s (muu kuin koira) tai lintu sek\u00e4 akvaario, joita ruokitaan v\u00e4hint\u00e4\u00e4n kerran p\u00e4iv\u00e4ss\u00e4<\/p>\n\n\n\n<p>Eksoottinen el\u00e4in = Yleens\u00e4 terraariossa el\u00e4v\u00e4 k\u00e4\u00e4rme, lisko, h\u00e4m\u00e4h\u00e4kki, nilvi\u00e4inen tai hy\u00f6nteinen, joita ei v\u00e4ltt\u00e4m\u00e4tt\u00e4 ruokita p\u00e4ivitt\u00e4in<\/p>\n\n\n\n<p>Kotiel\u00e4in = Lemmikkin\u00e4 pidett\u00e4v\u00e4 tuotantoel\u00e4in, joka el\u00e4\u00e4 ulkona ja\/tai ulkorakennuksessa mm. nauta, vuohi, hevonen, my\u00f6s ankat, kanat, ulkokanit yms. <\/p>\n\n\n\n<p>El\u00e4inalan yritys = Pientila tai hoitola\/kasvattamo, jolla on Y-tunnus, mutta  ei ole oikeutta maatalouslomittajaan<\/p>\n\n\n\n<p>Lomitus = El\u00e4intenhoito ja muut p\u00e4ivitt\u00e4iset ty\u00f6t el\u00e4intiloilla sek\u00e4 muissa el\u00e4inalan yrityksiss\u00e4 asiakkaan kanssa sovitulla tavalla<\/p>\n\n\n\n<p>Perusk\u00e4ynti = P\u00e4ivitt\u00e4inen k\u00e4ynti, johon kuuluu el\u00e4imen hyvinvoinnin tarkkailu, h\u00e4kin, hiekkalaatikon tms. siivous sek\u00e4 ruoka ja vesihuolto. Koirilla my\u00f6s 15 min. lenkki.<\/p>\n\n\n\n<p>Eksoottisten el\u00e4inten perusk\u00e4ynti = Hyvinvoinnin, kosteuden ja l\u00e4mm\u00f6n tarkkailu sek\u00e4 veden vaihto tehd\u00e4\u00e4n p\u00e4ivitt\u00e4in, ruokinta tarvittaessa eli sovitusti ja j\u00e4t\u00f6sten siivous tarvittaessa.<\/p>\n\n\n\n<p>Lis\u00e4k\u00e4ynnit = Hyvinvoinnin tarkkailu sek\u00e4 ruoka ja vesihuolto sovitusti<\/p>\n\n\n\n<p>Aktivointi = El\u00e4imen aktivointi halutulla tavalla esim. kissan tai koiran kanssa leikkiminen, jyrsi\u00e4n k\u00e4sittely tai p\u00e4\u00e4st\u00e4minen jaloitteluaitaukseen<\/p>\n\n\n\n<p>Lenkitys = N. 15 min kest\u00e4v\u00e4 lenkki koiran kanssa, l\u00e4himaastossa.<\/p>\n\n\n\n<p><\/p>\n","protected":false},"excerpt":{"rendered":"<p>Pienel\u00e4in = P\u00e4\u00e4s\u00e4\u00e4nt\u00f6isesti sis\u00e4ll\u00e4 pidett\u00e4v\u00e4 lemmikki, nis\u00e4k\u00e4s (muu kuin koira) tai lintu sek\u00e4 akvaario, joita ruokitaan v\u00e4hint\u00e4\u00e4n kerran p\u00e4iv\u00e4ss\u00e4 Eksoottinen el\u00e4in = Yleens\u00e4 terraariossa el\u00e4v\u00e4 k\u00e4\u00e4rme, lisko, h\u00e4m\u00e4h\u00e4kki, nilvi\u00e4inen tai hy\u00f6nteinen, joita ei v\u00e4ltt\u00e4m\u00e4tt\u00e4 ruokita p\u00e4ivitt\u00e4in Kotiel\u00e4in = Lemmikkin\u00e4 pidett\u00e4v\u00e4 tuotantoel\u00e4in, joka el\u00e4\u00e4 ulkona ja\/tai ulkorakennuksessa mm. nauta, vuohi, hevonen, my\u00f6s ankat, kanat, ulkokanit yms. [&hellip;]<\/p>\n","protected":false},"author":1,"featured_media":0,"parent":0,"menu_order":0,"comment_status":"closed","ping_status":"closed","template":"","meta":{"advanced_seo_description":"","jetpack_seo_html_title":"","jetpack_seo_noindex":false,"footnotes":""},"class_list":["post-119","page","type-page","status-publish","hentry"],"jetpack_sharing_enabled":true,"_links":{"self":[{"href":"https:\/\/elainpuu.fi\/koti\/index.php\/wp-json\/wp\/v2\/pages\/119","targetHints":{"allow":["GET"]}}],"collection":[{"href":"https:\/\/elainpuu.fi\/koti\/index.php\/wp-json\/wp\/v2\/pages"}],"about":[{"href":"https:\/\/elainpuu.fi\/koti\/index.php\/wp-json\/wp\/v2\/types\/page"}],"author":[{"embeddable":true,"href":"https:\/\/elainpuu.fi\/koti\/index.php\/wp-json\/wp\/v2\/users\/1"}],"replies":[{"embeddable":true,"href":"https:\/\/elainpuu.fi\/koti\/index.php\/wp-json\/wp\/v2\/comments?post=119"}],"version-history":[{"count":6,"href":"https:\/\/elainpuu.fi\/koti\/index.php\/wp-json\/wp\/v2\/pages\/119\/revisions"}],"predecessor-version":[{"id":194,"href":"https:\/\/elainpuu.fi\/koti\/index.php\/wp-json\/wp\/v2\/pages\/119\/revisions\/194"}],"wp:attachment":[{"href":"https:\/\/elainpuu.fi\/koti\/index.php\/wp-json\/wp\/v2\/media?parent=119"}],"curies":[{"name":"wp","href":"https:\/\/api.w.org\/{rel}","templated":true}]}}