{"id":163,"date":"2026-04-21T11:08:44","date_gmt":"2026-04-21T11:08:44","guid":{"rendered":"https:\/\/elainpuu.fi\/koti\/?page_id=163"},"modified":"2026-04-21T12:28:12","modified_gmt":"2026-04-21T12:28:12","slug":"puutarhanhoito-kiteytettyna-2","status":"publish","type":"page","link":"https:\/\/elainpuu.fi\/koti\/index.php\/puutarhanhoito-kiteytettyna-2\/","title":{"rendered":"Puutarhanhoito kiteytettyn\u00e4"},"content":{"rendered":"\n<p>Keskityn p\u00e4\u00e4asiassa puiden ja pensaiden leikkuuseen, mutta muutkin puutarhaty\u00f6t ovat mahdollisia.<\/p>\n\n\n\n<p>Minulla on k\u00e4yt\u00f6ss\u00e4ni akkuty\u00f6kalut sek\u00e4 k\u00e4sity\u00f6kalut, ne ovat hiljaisia ja s\u00e4\u00e4st\u00e4v\u00e4t luontoa. K\u00e4ytt\u00e4m\u00e4ni ter\u00e4ketju\u00f6ljy on biohajoavaa ja luontoyst\u00e4v\u00e4llist\u00e4.<\/p>\n\n\n\n<p>Isommat ja j\u00e4re\u00e4mm\u00e4t alasleikkuut joudun (ainakin toistaiseksi) tekem\u00e4\u00e4n polttomoottori raivaussahalla. Pienet ja ohuet pystyn leikkaamaan akkuty\u00f6kaluilla tai saksilla.<\/p>\n\n\n\n<p>Otan vastaan my\u00f6s pihanhoito kokonaisuuksia, jolloin sovitaan tuntim\u00e4\u00e4r\u00e4inen aika, jonka sis\u00e4ll\u00e4 teen sovitusti mielest\u00e4ni t\u00e4rkeimpi\u00e4 puutarhat\u00f6it\u00e4 pihan viihtyvyyden kannalta.<\/p>\n\n\n\n<p>Tulevan j\u00e4tteen kasaan asiakkaan tontilla sovittuun paikkaan\/paikkoihin. Minulla on my\u00f6s mahdollisuus ottaa ne mukaani ja h\u00e4vitt\u00e4\u00e4 asianmukaisesti  hinnaston mukaan.<\/p>\n","protected":false},"excerpt":{"rendered":"<p>Keskityn p\u00e4\u00e4asiassa puiden ja pensaiden leikkuuseen, mutta muutkin puutarhaty\u00f6t ovat mahdollisia. Minulla on k\u00e4yt\u00f6ss\u00e4ni akkuty\u00f6kalut sek\u00e4 k\u00e4sity\u00f6kalut, ne ovat hiljaisia ja s\u00e4\u00e4st\u00e4v\u00e4t luontoa. K\u00e4ytt\u00e4m\u00e4ni ter\u00e4ketju\u00f6ljy on biohajoavaa ja luontoyst\u00e4v\u00e4llist\u00e4. Isommat ja j\u00e4re\u00e4mm\u00e4t alasleikkuut joudun (ainakin toistaiseksi) tekem\u00e4\u00e4n polttomoottori raivaussahalla. Pienet ja ohuet pystyn leikkaamaan akkuty\u00f6kaluilla tai saksilla. Otan vastaan my\u00f6s pihanhoito kokonaisuuksia, jolloin sovitaan tuntim\u00e4\u00e4r\u00e4inen [&hellip;]<\/p>\n","protected":false},"author":1,"featured_media":0,"parent":0,"menu_order":0,"comment_status":"closed","ping_status":"closed","template":"","meta":{"advanced_seo_description":"","jetpack_seo_html_title":"","jetpack_seo_noindex":false,"footnotes":""},"class_list":["post-163","page","type-page","status-publish","hentry"],"jetpack_sharing_enabled":true,"_links":{"self":[{"href":"https:\/\/elainpuu.fi\/koti\/index.php\/wp-json\/wp\/v2\/pages\/163","targetHints":{"allow":["GET"]}}],"collection":[{"href":"https:\/\/elainpuu.fi\/koti\/index.php\/wp-json\/wp\/v2\/pages"}],"about":[{"href":"https:\/\/elainpuu.fi\/koti\/index.php\/wp-json\/wp\/v2\/types\/page"}],"author":[{"embeddable":true,"href":"https:\/\/elainpuu.fi\/koti\/index.php\/wp-json\/wp\/v2\/users\/1"}],"replies":[{"embeddable":true,"href":"https:\/\/elainpuu.fi\/koti\/index.php\/wp-json\/wp\/v2\/comments?post=163"}],"version-history":[{"count":3,"href":"https:\/\/elainpuu.fi\/koti\/index.php\/wp-json\/wp\/v2\/pages\/163\/revisions"}],"predecessor-version":[{"id":175,"href":"https:\/\/elainpuu.fi\/koti\/index.php\/wp-json\/wp\/v2\/pages\/163\/revisions\/175"}],"wp:attachment":[{"href":"https:\/\/elainpuu.fi\/koti\/index.php\/wp-json\/wp\/v2\/media?parent=163"}],"curies":[{"name":"wp","href":"https:\/\/api.w.org\/{rel}","templated":true}]}}