{"id":166,"date":"2026-04-21T12:50:12","date_gmt":"2026-04-21T12:50:12","guid":{"rendered":"https:\/\/elainpuu.fi\/koti\/?page_id=166"},"modified":"2026-04-21T18:02:29","modified_gmt":"2026-04-21T18:02:29","slug":"puutarhurin-hinnasto","status":"publish","type":"page","link":"https:\/\/elainpuu.fi\/koti\/index.php\/puutarhurin-hinnasto\/","title":{"rendered":"Puutarhurin hinnasto"},"content":{"rendered":"\n<h1 class=\"wp-block-heading\">(sis. alv 25,5%) (kilometrikorvaus 0,55 \u20ac\/km)<\/h1>\n\n\n\n<p class=\"is-style-text-subtitle is-style-text-subtitle--1\"><strong>Yksityisill\u00e4 mahdollisuus kotitalousv\u00e4hennykseen<\/strong><\/p>\n\n\n\n<p>Hedelm\u00e4puiden hoitoleikkuu:<strong> 40 \u20ac\/h + km<\/strong><\/p>\n\n\n\n<p>Koristepuiden hoitoleikkuu: <strong>38 \u20ac\/h + km<\/strong><\/p>\n\n\n\n<p>Puiden muotoonleikkuu alle 2,5 m korkea: <strong>35 \u20ac\/h + km<\/strong><\/p>\n\n\n\n<p>Puiden muotoonleikkuu yli 2,5 m korkea: <strong>40 \u20ac\/h + km<\/strong><\/p>\n\n\n\n<p>Pensasaidan muotoonleikkuu alle 2,5 m korkea: <strong>35 \u20ac\/h + km<\/strong><\/p>\n\n\n\n<p>Pensasaidan muotoonleikkuu yli 2,5 m korkea: <strong>38 \u20ac\/h + km<\/strong><\/p>\n\n\n\n<p>Pensasaidan uudistusleikkuu: <strong>40 \u20ac\/h + km<\/strong><\/p>\n\n\n\n<p>Pensasaidan harvennusleikkuu: <strong>38 \u20ac\/h + km<\/strong><\/p>\n\n\n\n<p>Pensasaidan alasleikkuu: <strong>38 \u20ac\/h + km<\/strong><\/p>\n\n\n\n<p>Pensaiden hoitoleikkuu: <strong>38 \u20ac\/h + km<\/strong><\/p>\n\n\n\n<p>Pensaiden muotoonleikkuu: <strong>35 \u20ac\/h + km<\/strong><\/p>\n\n\n\n<p>Pensaiden alasleikkuu: <strong>38 \u20ac\/h + km<\/strong><\/p>\n\n\n\n<p>Pihanhoito kokonaisuus: <strong>40 \u20ac\/h + km<\/strong><\/p>\n\n\n\n<p>Risu- ja puutarhaj\u00e4tteen poisvienti: 100 \u20ac\/kuorma<\/p>\n\n\n\n<p>Muiden t\u00f6iden hinnoista sovitaan erikseen ja urakkatarjouksia saa kysy\u00e4.<\/p>\n\n\n\n<p><\/p>\n\n\n\n<p><\/p>\n","protected":false},"excerpt":{"rendered":"<p>(sis. alv 25,5%) (kilometrikorvaus 0,55 \u20ac\/km) Yksityisill\u00e4 mahdollisuus kotitalousv\u00e4hennykseen Hedelm\u00e4puiden hoitoleikkuu: 40 \u20ac\/h + km Koristepuiden hoitoleikkuu: 38 \u20ac\/h + km Puiden muotoonleikkuu alle 2,5 m korkea: 35 \u20ac\/h + km Puiden muotoonleikkuu yli 2,5 m korkea: 40 \u20ac\/h + km Pensasaidan muotoonleikkuu alle 2,5 m korkea: 35 \u20ac\/h + km Pensasaidan muotoonleikkuu yli 2,5 [&hellip;]<\/p>\n","protected":false},"author":1,"featured_media":0,"parent":0,"menu_order":0,"comment_status":"closed","ping_status":"closed","template":"","meta":{"advanced_seo_description":"","jetpack_seo_html_title":"","jetpack_seo_noindex":false,"footnotes":""},"class_list":["post-166","page","type-page","status-publish","hentry"],"jetpack_sharing_enabled":true,"_links":{"self":[{"href":"https:\/\/elainpuu.fi\/koti\/index.php\/wp-json\/wp\/v2\/pages\/166","targetHints":{"allow":["GET"]}}],"collection":[{"href":"https:\/\/elainpuu.fi\/koti\/index.php\/wp-json\/wp\/v2\/pages"}],"about":[{"href":"https:\/\/elainpuu.fi\/koti\/index.php\/wp-json\/wp\/v2\/types\/page"}],"author":[{"embeddable":true,"href":"https:\/\/elainpuu.fi\/koti\/index.php\/wp-json\/wp\/v2\/users\/1"}],"replies":[{"embeddable":true,"href":"https:\/\/elainpuu.fi\/koti\/index.php\/wp-json\/wp\/v2\/comments?post=166"}],"version-history":[{"count":7,"href":"https:\/\/elainpuu.fi\/koti\/index.php\/wp-json\/wp\/v2\/pages\/166\/revisions"}],"predecessor-version":[{"id":183,"href":"https:\/\/elainpuu.fi\/koti\/index.php\/wp-json\/wp\/v2\/pages\/166\/revisions\/183"}],"wp:attachment":[{"href":"https:\/\/elainpuu.fi\/koti\/index.php\/wp-json\/wp\/v2\/media?parent=166"}],"curies":[{"name":"wp","href":"https:\/\/api.w.org\/{rel}","templated":true}]}}