{"id":2,"date":"2026-03-18T15:02:42","date_gmt":"2026-03-18T15:02:42","guid":{"rendered":"http:\/\/elainpuu.fi\/koti\/?page_id=2"},"modified":"2026-04-24T17:31:09","modified_gmt":"2026-04-24T17:31:09","slug":"sample-page","status":"publish","type":"page","link":"https:\/\/elainpuu.fi\/koti\/","title":{"rendered":"Kuka min\u00e4 olen"},"content":{"rendered":"\n<div class=\"wp-block-columns is-layout-flex wp-container-core-columns-is-layout-28f84493 wp-block-columns-is-layout-flex\">\n<div class=\"wp-block-column is-style-section-1 is-layout-flow wp-block-column-is-layout-flow is-style-section-1--1\" style=\"flex-basis:100%\"><\/div>\n<\/div>\n\n\n\n<p class=\"is-style-text-subtitle is-style-text-subtitle--2\">El\u00e4intenhoitajana<\/p>\n\n\n\n<blockquote class=\"wp-block-quote is-layout-flow wp-block-quote-is-layout-flow\">\n<p>Valmistun el\u00e4intenhoitajaksi AhlmanEdusta huhtikuussa 2026. El\u00e4imet ovat aina olleet minulle t\u00e4rkeit\u00e4 ja jo lapsena k\u00e4vin hoitamassa l\u00e4hitilan vasikoita.<\/p>\n\n\n\n<p>Koko opintojeni ajan p\u00e4\u00e4m\u00e4\u00e4r\u00e4ni oli perustaa oma yritys, jonka puitteissa p\u00e4\u00e4sen toteuttamaan intohimoani ja nauttimaan el\u00e4inten parissa ty\u00f6skentelyst\u00e4.<\/p>\n\n\n\n<p>Opinnot antoivat valmiudet niin isojen, kuin pientenkin el\u00e4inten hoitoon. T\u00e4ht\u00e4sin harjoitteluni sellaisiin el\u00e4inlajeihin, joista minulla oli v\u00e4hiten kokemusta ja eniten ep\u00e4varmuutta ja onnistuin sel\u00e4tt\u00e4m\u00e4\u00e4n ep\u00e4varmuuteni.<\/p>\n\n\n\n<p>Opintojen loppuvaiheessa ty\u00f6skentelin lomittajana Sastamalan kunnan lomituspalveluiden kautta Juupajoella ja Sahalahdella, opintojen sek\u00e4 varsinaisen palkkaty\u00f6n ohella.<\/p>\n<\/blockquote>\n\n\n\n<p class=\"is-style-text-subtitle is-style-text-subtitle--3\">Puutarhurina<\/p>\n\n\n\n<blockquote class=\"wp-block-quote is-layout-flow wp-block-quote-is-layout-flow\">\n<p>Valmistuin viherpuolen puutarhuriksi J\u00e4ms\u00e4st\u00e4 2009 ja olen toiminut puutarhurina eri yrityksiss\u00e4 kes\u00e4st\u00e4 2008 saakka.<\/p>\n\n\n\n<p>Pisin yht\u00e4jaksoinen ty\u00f6suhteeni p\u00e4\u00e4ttyi maaliskuussa 2026, juuri ennen oman yrityksen perustamista. P\u00e4\u00e4asiallinen ty\u00f6nkuvani n. 14 vuotta kest\u00e4neess\u00e4 ty\u00f6suhteessa oli kerros- ja rivitalokiinteist\u00f6jen ulkohuolto ja siit\u00e4 iso osa oli istutusten hoitoa, puiden ja pensaiden leikkuuta yms. puutarhaty\u00f6t\u00e4.<\/p>\n\n\n\n<p>Eniten puutarhat\u00f6iss\u00e4 pid\u00e4n puiden ja pensaiden hoito- sek\u00e4 muotoonleikkuista ja siksi haluan keskitty\u00e4 pitk\u00e4lti niihin t\u00f6ihin omassa yrityksess\u00e4ni.<\/p>\n<\/blockquote>\n\n\n\n<p>Taiteilijana<\/p>\n\n\n\n<blockquote class=\"wp-block-quote is-layout-flow wp-block-quote-is-layout-flow\">\n<p>Kuulun Yl\u00e4-H\u00e4meen taiteilijaseuran hallitukseen ja olen muutenkin aktiivinen seuran toiminnassa.<\/p>\n\n\n\n<p>Olen opiskellut Limingan Taideopistossa kuvataidetta 2000-luvun alkupuolella.<\/p>\n\n\n\n<p>Taidetta olen tehnyt aina. Taiteen muodot vaihtelevat ja olen tehnyt mm. monenlaista maalausta eri tekniikoilla, kuvanveistoa eri tekniikoilla sek\u00e4 erilaisia k\u00e4sity\u00f6muotoja.<\/p>\n\n\n\n<p>Uusimpana olen tutustunut nahan parkitukseen ja sen tuomiin mahdollisuuksiin niin k\u00e4sit\u00f6iss\u00e4 kuin taiteessakin.<\/p>\n<\/blockquote>\n\n\n\n<p><\/p>\n\n\n\n<p class=\"is-style-default\"><\/p>\n\n\n\n<figure class=\"wp-block-image is-resized\"><img decoding=\"async\" src=\"https:\/\/elainpuu.fi\/koti\/wp-content\/uploads\/2026\/03\/elainpuu-1024x1024.png\" alt=\"T\u00e4lle kuvalle ei ole vaihtoehtoista kuvateksti\u00e4. Tiedoston nimi on elainpuu.png\" style=\"width:268px;height:auto\"\/><\/figure>\n\n\n\n<p><\/p>\n","protected":false},"excerpt":{"rendered":"<p>El\u00e4intenhoitajana Valmistun el\u00e4intenhoitajaksi AhlmanEdusta huhtikuussa 2026. El\u00e4imet ovat aina olleet minulle t\u00e4rkeit\u00e4 ja jo lapsena k\u00e4vin hoitamassa l\u00e4hitilan vasikoita. Koko opintojeni ajan p\u00e4\u00e4m\u00e4\u00e4r\u00e4ni oli perustaa oma yritys, jonka puitteissa p\u00e4\u00e4sen toteuttamaan intohimoani ja nauttimaan el\u00e4inten parissa ty\u00f6skentelyst\u00e4. Opinnot antoivat valmiudet niin isojen, kuin pientenkin el\u00e4inten hoitoon. T\u00e4ht\u00e4sin harjoitteluni sellaisiin el\u00e4inlajeihin, joista minulla oli v\u00e4hiten kokemusta [&hellip;]<\/p>\n","protected":false},"author":1,"featured_media":0,"parent":0,"menu_order":0,"comment_status":"closed","ping_status":"open","template":"","meta":{"advanced_seo_description":"Miten minuun saa yhteyden","jetpack_seo_html_title":"Yhteystiedot","jetpack_seo_noindex":true,"footnotes":""},"class_list":["post-2","page","type-page","status-publish","hentry"],"jetpack_sharing_enabled":true,"_links":{"self":[{"href":"https:\/\/elainpuu.fi\/koti\/index.php\/wp-json\/wp\/v2\/pages\/2","targetHints":{"allow":["GET"]}}],"collection":[{"href":"https:\/\/elainpuu.fi\/koti\/index.php\/wp-json\/wp\/v2\/pages"}],"about":[{"href":"https:\/\/elainpuu.fi\/koti\/index.php\/wp-json\/wp\/v2\/types\/page"}],"author":[{"embeddable":true,"href":"https:\/\/elainpuu.fi\/koti\/index.php\/wp-json\/wp\/v2\/users\/1"}],"replies":[{"embeddable":true,"href":"https:\/\/elainpuu.fi\/koti\/index.php\/wp-json\/wp\/v2\/comments?post=2"}],"version-history":[{"count":9,"href":"https:\/\/elainpuu.fi\/koti\/index.php\/wp-json\/wp\/v2\/pages\/2\/revisions"}],"predecessor-version":[{"id":187,"href":"https:\/\/elainpuu.fi\/koti\/index.php\/wp-json\/wp\/v2\/pages\/2\/revisions\/187"}],"wp:attachment":[{"href":"https:\/\/elainpuu.fi\/koti\/index.php\/wp-json\/wp\/v2\/media?parent=2"}],"curies":[{"name":"wp","href":"https:\/\/api.w.org\/{rel}","templated":true}]}}