{"id":69,"date":"2026-04-03T14:08:27","date_gmt":"2026-04-03T14:08:27","guid":{"rendered":"http:\/\/elainpuu.fi\/koti\/?page_id=69"},"modified":"2026-04-18T18:51:49","modified_gmt":"2026-04-18T18:51:49","slug":"elaintenhoito-kiteytettyna","status":"publish","type":"page","link":"https:\/\/elainpuu.fi\/koti\/index.php\/elaintenhoito-kiteytettyna\/","title":{"rendered":"El\u00e4intenhoito kiteytettyn\u00e4"},"content":{"rendered":"\n<p><\/p>\n\n\n\n<p>Hoidan kaikki el\u00e4imet lajityypillisten tarpeiden mukaisesti sek\u00e4 asiakkaan toiveita kunnioittaen.<\/p>\n\n\n\n<p>Laki velvoittaa tarkkailemaan ihmisen hoidossa olevan el\u00e4imen hyvinvoitia p\u00e4ivitt\u00e4in, joten p\u00e4ivitt\u00e4inen k\u00e4ynti kuuluu jokaisen el\u00e4inlajin hoitoon.<\/p>\n\n\n\n<p>Koira on ainoa el\u00e4inlaji, josta on erillinen sopimus, muut on jaoteltu ryhmiin.<\/p>\n\n\n\n<p>El\u00e4intenhoitosopimuksia ovat: Sopimus pienel\u00e4inten hoidosta, Sopimus eksoottisten el\u00e4inten hoidosta, sopimus koirien hoidosta, sopimus kotiel\u00e4inten hoidosta, Sopimus el\u00e4inalan yrityksen lomituksesta ja sopimus maatalouslomituksesta<\/p>\n\n\n\n<p><\/p>\n","protected":false},"excerpt":{"rendered":"<p>Hoidan kaikki el\u00e4imet lajityypillisten tarpeiden mukaisesti sek\u00e4 asiakkaan toiveita kunnioittaen. Laki velvoittaa tarkkailemaan ihmisen hoidossa olevan el\u00e4imen hyvinvoitia p\u00e4ivitt\u00e4in, joten p\u00e4ivitt\u00e4inen k\u00e4ynti kuuluu jokaisen el\u00e4inlajin hoitoon. Koira on ainoa el\u00e4inlaji, josta on erillinen sopimus, muut on jaoteltu ryhmiin. El\u00e4intenhoitosopimuksia ovat: Sopimus pienel\u00e4inten hoidosta, Sopimus eksoottisten el\u00e4inten hoidosta, sopimus koirien hoidosta, sopimus kotiel\u00e4inten hoidosta, Sopimus el\u00e4inalan [&hellip;]<\/p>\n","protected":false},"author":1,"featured_media":0,"parent":0,"menu_order":0,"comment_status":"closed","ping_status":"closed","template":"","meta":{"advanced_seo_description":"","jetpack_seo_html_title":"","jetpack_seo_noindex":false,"footnotes":""},"class_list":["post-69","page","type-page","status-publish","hentry"],"jetpack_sharing_enabled":true,"_links":{"self":[{"href":"https:\/\/elainpuu.fi\/koti\/index.php\/wp-json\/wp\/v2\/pages\/69","targetHints":{"allow":["GET"]}}],"collection":[{"href":"https:\/\/elainpuu.fi\/koti\/index.php\/wp-json\/wp\/v2\/pages"}],"about":[{"href":"https:\/\/elainpuu.fi\/koti\/index.php\/wp-json\/wp\/v2\/types\/page"}],"author":[{"embeddable":true,"href":"https:\/\/elainpuu.fi\/koti\/index.php\/wp-json\/wp\/v2\/users\/1"}],"replies":[{"embeddable":true,"href":"https:\/\/elainpuu.fi\/koti\/index.php\/wp-json\/wp\/v2\/comments?post=69"}],"version-history":[{"count":8,"href":"https:\/\/elainpuu.fi\/koti\/index.php\/wp-json\/wp\/v2\/pages\/69\/revisions"}],"predecessor-version":[{"id":135,"href":"https:\/\/elainpuu.fi\/koti\/index.php\/wp-json\/wp\/v2\/pages\/69\/revisions\/135"}],"wp:attachment":[{"href":"https:\/\/elainpuu.fi\/koti\/index.php\/wp-json\/wp\/v2\/media?parent=69"}],"curies":[{"name":"wp","href":"https:\/\/api.w.org\/{rel}","templated":true}]}}