{"id":75,"date":"2026-04-03T15:15:03","date_gmt":"2026-04-03T15:15:03","guid":{"rendered":"http:\/\/elainpuu.fi\/koti\/?page_id=75"},"modified":"2026-04-21T12:18:02","modified_gmt":"2026-04-21T12:18:02","slug":"puutarhanhoito-kiteytettyna","status":"publish","type":"page","link":"https:\/\/elainpuu.fi\/koti\/index.php\/puutarhanhoito-kiteytettyna\/","title":{"rendered":"K\u00e4ytt\u00e4m\u00e4ni puutarhatermit"},"content":{"rendered":"\n<p>Hedelm\u00e4puu = satoa tuottava puu (esim. omena, p\u00e4\u00e4ryn\u00e4, luumu). <\/p>\n\n\n\n<p>Hedelm\u00e4puun hoitoleikkuu = leikkuulla pyrit\u00e4\u00e4n parantamaan satoa ja hyvinvointia<\/p>\n\n\n\n<p>Koristepuu = muu kuin satoa tuottava puu pihassa tai puutarhassa <\/p>\n\n\n\n<p>Koristepuun hoitoleikkuu = leikkuulla pyrit\u00e4\u00e4n parantamaan ulkon\u00e4k\u00f6\u00e4 ja hyvinvointia<\/p>\n\n\n\n<p>Puiden muotoonleikkuu = puu leikataan tiettyyn muotoon, tehd\u00e4\u00e4n yleens\u00e4 koristehavupuille kuten koristekuusi tai tuija<\/p>\n\n\n\n<p>Pensaiden hoito- eli nuorennusleikku = parannetaan pensaan elinvoimaa<\/p>\n\n\n\n<p>Pensaiden muotoonleikkuu = pensas leikataan haluttuun muotoon, joko ulkon\u00e4\u00f6n vuoksi tai pois kulkuv\u00e4yl\u00e4lt\u00e4<\/p>\n\n\n\n<p>Pensaiden alasleikkuu = pensas leikataan matalaksi, jolloin kasvu uusiutuu<\/p>\n\n\n\n<p>Pensasaidan muotoonleikkuu = tehd\u00e4\u00e4n 1-3 kertaa kasvukaudessa, pit\u00e4\u00e4 aidan ryhdikk\u00e4\u00e4n\u00e4 ja tuuheana<\/p>\n\n\n\n<p>Pensasaidan uudistusleikkuu = ylikasvaneen aidan madaltaminen ja kaventaminen<\/p>\n\n\n\n<p>Pensasaidan alasleikkuu = aita leikataan matalaksi, jolloin kasvu uusiutuu. en suosittele hidaskasvuisille <\/p>\n\n\n\n<p>Pensasaidan harvennusleikkuu = aitaa nuorennetaan v\u00e4hitellen leikkaamalla isompia matalaksi<\/p>\n\n\n\n<p><\/p>\n\n\n\n<p><\/p>\n\n\n\n<p><\/p>\n","protected":false},"excerpt":{"rendered":"<p>Hedelm\u00e4puu = satoa tuottava puu (esim. omena, p\u00e4\u00e4ryn\u00e4, luumu). Hedelm\u00e4puun hoitoleikkuu = leikkuulla pyrit\u00e4\u00e4n parantamaan satoa ja hyvinvointia Koristepuu = muu kuin satoa tuottava puu pihassa tai puutarhassa Koristepuun hoitoleikkuu = leikkuulla pyrit\u00e4\u00e4n parantamaan ulkon\u00e4k\u00f6\u00e4 ja hyvinvointia Puiden muotoonleikkuu = puu leikataan tiettyyn muotoon, tehd\u00e4\u00e4n yleens\u00e4 koristehavupuille kuten koristekuusi tai tuija Pensaiden hoito- eli nuorennusleikku [&hellip;]<\/p>\n","protected":false},"author":1,"featured_media":0,"parent":0,"menu_order":0,"comment_status":"closed","ping_status":"closed","template":"","meta":{"advanced_seo_description":"","jetpack_seo_html_title":"","jetpack_seo_noindex":false,"footnotes":""},"class_list":["post-75","page","type-page","status-publish","hentry"],"jetpack_sharing_enabled":true,"_links":{"self":[{"href":"https:\/\/elainpuu.fi\/koti\/index.php\/wp-json\/wp\/v2\/pages\/75","targetHints":{"allow":["GET"]}}],"collection":[{"href":"https:\/\/elainpuu.fi\/koti\/index.php\/wp-json\/wp\/v2\/pages"}],"about":[{"href":"https:\/\/elainpuu.fi\/koti\/index.php\/wp-json\/wp\/v2\/types\/page"}],"author":[{"embeddable":true,"href":"https:\/\/elainpuu.fi\/koti\/index.php\/wp-json\/wp\/v2\/users\/1"}],"replies":[{"embeddable":true,"href":"https:\/\/elainpuu.fi\/koti\/index.php\/wp-json\/wp\/v2\/comments?post=75"}],"version-history":[{"count":8,"href":"https:\/\/elainpuu.fi\/koti\/index.php\/wp-json\/wp\/v2\/pages\/75\/revisions"}],"predecessor-version":[{"id":173,"href":"https:\/\/elainpuu.fi\/koti\/index.php\/wp-json\/wp\/v2\/pages\/75\/revisions\/173"}],"wp:attachment":[{"href":"https:\/\/elainpuu.fi\/koti\/index.php\/wp-json\/wp\/v2\/media?parent=75"}],"curies":[{"name":"wp","href":"https:\/\/api.w.org\/{rel}","templated":true}]}}